{"id":233,"date":"2020-12-03T09:59:40","date_gmt":"2020-12-03T08:59:40","guid":{"rendered":"https:\/\/cabinetjeannerat.com\/?page_id=233"},"modified":"2020-12-14T11:35:43","modified_gmt":"2020-12-14T10:35:43","slug":"changement-familial","status":"publish","type":"page","link":"https:\/\/cabinetjeannerat.com\/?page_id=233","title":{"rendered":"CHANGEMENT FAMILIAL"},"content":{"rendered":"\t\t<div data-elementor-type=\"wp-page\" data-elementor-id=\"233\" class=\"elementor elementor-233\">\n\t\t\t\t\t\t<div class=\"elementor-inner\">\n\t\t\t\t<div class=\"elementor-section-wrap\">\n\t\t\t\t\t\t\t\t\t<section class=\"elementor-section elementor-top-section elementor-element elementor-element-7a1cc14 elementor-section-content-middle elementor-section-boxed elementor-section-height-default elementor-section-height-default\" data-id=\"7a1cc14\" data-element_type=\"section\">\n\t\t\t\t\t\t<div class=\"elementor-container elementor-column-gap-no\">\n\t\t\t\t\t\t\t<div class=\"elementor-row\">\n\t\t\t\t\t<div class=\"elementor-column elementor-col-33 elementor-top-column elementor-element elementor-element-5de7404\" data-id=\"5de7404\" data-element_type=\"column\">\n\t\t\t<div class=\"elementor-column-wrap elementor-element-populated\">\n\t\t\t\t\t\t\t<div class=\"elementor-widget-wrap\">\n\t\t\t\t\t\t<div class=\"elementor-element elementor-element-c6c6e90 elementor-widget elementor-widget-text-editor\" data-id=\"c6c6e90\" data-element_type=\"widget\" data-widget_type=\"text-editor.default\">\n\t\t\t\t<div class=\"elementor-widget-container\">\n\t\t\t\t\t\t\t\t<div class=\"elementor-text-editor elementor-clearfix\">\n\t\t\t\t<p>Anticipez l&rsquo;avenir<\/p>\t\t\t\t\t<\/div>\n\t\t\t\t\t\t<\/div>\n\t\t\t\t<\/div>\n\t\t\t\t<div class=\"elementor-element elementor-element-45dd77c elementor-widget elementor-widget-heading\" data-id=\"45dd77c\" data-element_type=\"widget\" data-widget_type=\"heading.default\">\n\t\t\t\t<div class=\"elementor-widget-container\">\n\t\t\t<h3 class=\"elementor-heading-title elementor-size-default\">CHANGEMENT FAMILIAL<\/h3>\t\t<\/div>\n\t\t\t\t<\/div>\n\t\t\t\t<div class=\"elementor-element elementor-element-fcd32c1 elementor-widget-divider--view-line elementor-widget elementor-widget-divider\" data-id=\"fcd32c1\" data-element_type=\"widget\" data-widget_type=\"divider.default\">\n\t\t\t\t<div class=\"elementor-widget-container\">\n\t\t\t\t\t<div class=\"elementor-divider\">\n\t\t\t<span class=\"elementor-divider-separator\">\n\t\t\t\t\t\t<\/span>\n\t\t<\/div>\n\t\t\t\t<\/div>\n\t\t\t\t<\/div>\n\t\t\t\t\t\t<\/div>\n\t\t\t\t\t<\/div>\n\t\t<\/div>\n\t\t\t\t<div class=\"elementor-column elementor-col-33 elementor-top-column elementor-element elementor-element-1508f4d\" data-id=\"1508f4d\" data-element_type=\"column\">\n\t\t\t<div class=\"elementor-column-wrap elementor-element-populated\">\n\t\t\t\t\t\t\t<div class=\"elementor-widget-wrap\">\n\t\t\t\t\t\t<div class=\"elementor-element elementor-element-df8ee96 elementor-widget elementor-widget-image\" data-id=\"df8ee96\" data-element_type=\"widget\" data-widget_type=\"image.default\">\n\t\t\t\t<div class=\"elementor-widget-container\">\n\t\t\t\t\t\t\t\t<div class=\"elementor-image\">\n\t\t\t\t\t\t\t\t\t\t\t\t<img width=\"1280\" height=\"1920\" src=\"https:\/\/cabinetjeannerat.com\/wp-content\/uploads\/2020\/12\/baby-2717349_1920.jpg\" class=\"elementor-animation-grow attachment-full size-full wp-image-673\" alt=\"\" loading=\"lazy\" srcset=\"https:\/\/cabinetjeannerat.com\/wp-content\/uploads\/2020\/12\/baby-2717349_1920.jpg 1280w, https:\/\/cabinetjeannerat.com\/wp-content\/uploads\/2020\/12\/baby-2717349_1920-200x300.jpg 200w, https:\/\/cabinetjeannerat.com\/wp-content\/uploads\/2020\/12\/baby-2717349_1920-683x1024.jpg 683w, https:\/\/cabinetjeannerat.com\/wp-content\/uploads\/2020\/12\/baby-2717349_1920-768x1152.jpg 768w, https:\/\/cabinetjeannerat.com\/wp-content\/uploads\/2020\/12\/baby-2717349_1920-1024x1536.jpg 1024w\" sizes=\"(max-width: 1280px) 100vw, 1280px\" \/>\t\t\t\t\t\t\t\t\t\t\t\t\t\t<\/div>\n\t\t\t\t\t\t<\/div>\n\t\t\t\t<\/div>\n\t\t\t\t<div class=\"elementor-element elementor-element-60cb1ab elementor-widget elementor-widget-text-editor\" data-id=\"60cb1ab\" data-element_type=\"widget\" data-widget_type=\"text-editor.default\">\n\t\t\t\t<div class=\"elementor-widget-container\">\n\t\t\t\t\t\t\t\t<div class=\"elementor-text-editor elementor-clearfix\">\n\t\t\t\t<h4 class=\"c-heading u-text-weight-light u-margin-bottom-0 c-link--capitalize u-text-hyphen-none \">LA FAMILLE S&rsquo;AGRANDIT<\/h4><h4 class=\"c-heading u-text-weight-light u-margin-bottom-0 c-link--capitalize u-text-hyphen-none \"><em>Nous anticipons vos futurs besoins.<\/em><\/h4><div class=\"text\"><div class=\"c-copy u-text-hyphen-manual\"><p>Vous vous pr\u00e9parez \u00e0 l&rsquo;arriv\u00e9e d&rsquo;un nouveau n\u00e9 ? Nous vous aidons \u00e0 reviser et mettre \u00e0 jour votre compl\u00e9mentaire sant\u00e9 selon vos besoins et celles de votre enfant. Nous proposons une vaste gamme de sp\u00e9cialistes partenaires qui serons \u00e0 votre \u00e9coute pendant toute la dur\u00e9e de votre grossesse et au-del\u00e0: coaching nutrition en ligne, coaching sportif, di\u00e9t\u00e9ticien..<\/p><p>Pensez \u00e0 privil\u00e9gier votre famille.<\/p><\/div><\/div>\t\t\t\t\t<\/div>\n\t\t\t\t\t\t<\/div>\n\t\t\t\t<\/div>\n\t\t\t\t\t\t<\/div>\n\t\t\t\t\t<\/div>\n\t\t<\/div>\n\t\t\t\t<div class=\"elementor-column elementor-col-33 elementor-top-column elementor-element elementor-element-4c0f242\" data-id=\"4c0f242\" data-element_type=\"column\">\n\t\t\t<div class=\"elementor-column-wrap elementor-element-populated\">\n\t\t\t\t\t\t\t<div class=\"elementor-widget-wrap\">\n\t\t\t\t\t\t<div class=\"elementor-element elementor-element-8c3d627 elementor-widget elementor-widget-text-editor\" data-id=\"8c3d627\" data-element_type=\"widget\" data-widget_type=\"text-editor.default\">\n\t\t\t\t<div class=\"elementor-widget-container\">\n\t\t\t\t\t\t\t\t<div class=\"elementor-text-editor elementor-clearfix\">\n\t\t\t\t<h4 class=\"c-heading u-text-weight-light u-margin-bottom-0 c-link--capitalize u-text-hyphen-none \">EN CAS DE DIVORCE<\/h4><div class=\"text\"><div class=\"c-copy u-text-hyphen-manual\"><div class=\"headline\"><h4 class=\"c-heading c-heading--section c-link--capitalize u-text-hyphen-none \"><em>Comment faire face \u00e0 un divorce ?\u00a0<\/em><\/h4><\/div><div class=\"text\"><div class=\"c-copy u-text-hyphen-manual\"><p>Le divorce est une \u00e9tape difficile qui demande souvent un accompagnement et une bonne protection juridique. Nous vous invitons \u00e0 faire un point sur votre protection juridique et vous aidons \u00e0 g\u00e9rer toutes les d\u00e9marches administratives (changement de mutuelle, changement d&rsquo;habitation..).<\/p><p>Nous serons \u00e0 vos c\u00f4t\u00e9s dans les moments les plus compliqu\u00e9s.<\/p><\/div><\/div><\/div><\/div>\t\t\t\t\t<\/div>\n\t\t\t\t\t\t<\/div>\n\t\t\t\t<\/div>\n\t\t\t\t<div class=\"elementor-element elementor-element-cce5ea1 elementor-widget elementor-widget-image\" data-id=\"cce5ea1\" data-element_type=\"widget\" data-widget_type=\"image.default\">\n\t\t\t\t<div class=\"elementor-widget-container\">\n\t\t\t\t\t\t\t\t<div class=\"elementor-image\">\n\t\t\t\t\t\t\t\t\t\t\t\t<img width=\"1920\" height=\"1280\" src=\"https:\/\/cabinetjeannerat.com\/wp-content\/uploads\/2020\/12\/glass-984457_1920.jpg\" class=\"elementor-animation-grow attachment-full size-full wp-image-397\" alt=\"\" loading=\"lazy\" srcset=\"https:\/\/cabinetjeannerat.com\/wp-content\/uploads\/2020\/12\/glass-984457_1920.jpg 1920w, https:\/\/cabinetjeannerat.com\/wp-content\/uploads\/2020\/12\/glass-984457_1920-300x200.jpg 300w, https:\/\/cabinetjeannerat.com\/wp-content\/uploads\/2020\/12\/glass-984457_1920-1024x683.jpg 1024w, https:\/\/cabinetjeannerat.com\/wp-content\/uploads\/2020\/12\/glass-984457_1920-768x512.jpg 768w, https:\/\/cabinetjeannerat.com\/wp-content\/uploads\/2020\/12\/glass-984457_1920-1536x1024.jpg 1536w\" sizes=\"(max-width: 1920px) 100vw, 1920px\" \/>\t\t\t\t\t\t\t\t\t\t\t\t\t\t<\/div>\n\t\t\t\t\t\t<\/div>\n\t\t\t\t<\/div>\n\t\t\t\t\t\t<\/div>\n\t\t\t\t\t<\/div>\n\t\t<\/div>\n\t\t\t\t\t\t\t\t<\/div>\n\t\t\t\t\t<\/div>\n\t\t<\/section>\n\t\t\t\t<section class=\"elementor-section elementor-top-section elementor-element elementor-element-e13b209 elementor-section-boxed elementor-section-height-default elementor-section-height-default\" data-id=\"e13b209\" data-element_type=\"section\">\n\t\t\t\t\t\t<div class=\"elementor-container elementor-column-gap-default\">\n\t\t\t\t\t\t\t<div class=\"elementor-row\">\n\t\t\t\t\t<div class=\"elementor-column elementor-col-100 elementor-top-column elementor-element elementor-element-46fc909\" data-id=\"46fc909\" data-element_type=\"column\">\n\t\t\t<div class=\"elementor-column-wrap elementor-element-populated\">\n\t\t\t\t\t\t\t<div class=\"elementor-widget-wrap\">\n\t\t\t\t\t\t<div class=\"elementor-element elementor-element-969bde4 elementor-align-center elementor-widget elementor-widget-button\" data-id=\"969bde4\" data-element_type=\"widget\" data-widget_type=\"button.default\">\n\t\t\t\t<div class=\"elementor-widget-container\">\n\t\t\t\t\t<div class=\"elementor-button-wrapper\">\n\t\t\t<a href=\"https:\/\/cabinetjeannerat.com\/?page_id=26\" class=\"elementor-button-link elementor-button elementor-size-sm elementor-animation-grow\" role=\"button\">\n\t\t\t\t\t\t<span class=\"elementor-button-content-wrapper\">\n\t\t\t\t\t\t\t<span class=\"elementor-button-icon elementor-align-icon-left\">\n\t\t\t\t<i aria-hidden=\"true\" class=\"fas fa-chevron-left\"><\/i>\t\t\t<\/span>\n\t\t\t\t\t\t<span class=\"elementor-button-text\">RETOUR<\/span>\n\t\t<\/span>\n\t\t\t\t\t<\/a>\n\t\t<\/div>\n\t\t\t\t<\/div>\n\t\t\t\t<\/div>\n\t\t\t\t\t\t<\/div>\n\t\t\t\t\t<\/div>\n\t\t<\/div>\n\t\t\t\t\t\t\t\t<\/div>\n\t\t\t\t\t<\/div>\n\t\t<\/section>\n\t\t\t\t\t\t\t\t\t<\/div>\n\t\t\t<\/div>\n\t\t\t\t\t<\/div>\n\t\t","protected":false},"excerpt":{"rendered":"<p>Anticipez l&rsquo;avenir CHANGEMENT FAMILIAL LA FAMILLE S&rsquo;AGRANDIT Nous anticipons vos futurs besoins. Vous vous pr\u00e9parez \u00e0 l&rsquo;arriv\u00e9e d&rsquo;un nouveau n\u00e9 ? Nous vous aidons \u00e0 reviser et mettre \u00e0 jour votre compl\u00e9mentaire sant\u00e9 selon vos besoins et celles de votre enfant. Nous proposons une vaste gamme de sp\u00e9cialistes partenaires qui serons \u00e0 votre \u00e9coute pendant [&hellip;]<\/p>\n","protected":false},"author":1,"featured_media":0,"parent":0,"menu_order":0,"comment_status":"closed","ping_status":"closed","template":"","meta":{"ocean_post_layout":"","ocean_both_sidebars_style":"","ocean_both_sidebars_content_width":0,"ocean_both_sidebars_sidebars_width":0,"ocean_sidebar":"0","ocean_second_sidebar":"0","ocean_disable_margins":"enable","ocean_add_body_class":"","ocean_shortcode_before_top_bar":"","ocean_shortcode_after_top_bar":"","ocean_shortcode_before_header":"","ocean_shortcode_after_header":"","ocean_has_shortcode":"","ocean_shortcode_after_title":"","ocean_shortcode_before_footer_widgets":"","ocean_shortcode_after_footer_widgets":"","ocean_shortcode_before_footer_bottom":"","ocean_shortcode_after_footer_bottom":"","ocean_display_top_bar":"default","ocean_display_header":"default","ocean_header_style":"","ocean_center_header_left_menu":"0","ocean_custom_header_template":"0","ocean_custom_logo":0,"ocean_custom_retina_logo":0,"ocean_custom_logo_max_width":0,"ocean_custom_logo_tablet_max_width":0,"ocean_custom_logo_mobile_max_width":0,"ocean_custom_logo_max_height":0,"ocean_custom_logo_tablet_max_height":0,"ocean_custom_logo_mobile_max_height":0,"ocean_header_custom_menu":"0","ocean_menu_typo_font_family":"0","ocean_menu_typo_font_subset":"","ocean_menu_typo_font_size":0,"ocean_menu_typo_font_size_tablet":0,"ocean_menu_typo_font_size_mobile":0,"ocean_menu_typo_font_size_unit":"px","ocean_menu_typo_font_weight":"","ocean_menu_typo_font_weight_tablet":"","ocean_menu_typo_font_weight_mobile":"","ocean_menu_typo_transform":"","ocean_menu_typo_transform_tablet":"","ocean_menu_typo_transform_mobile":"","ocean_menu_typo_line_height":0,"ocean_menu_typo_line_height_tablet":0,"ocean_menu_typo_line_height_mobile":0,"ocean_menu_typo_line_height_unit":"","ocean_menu_typo_spacing":0,"ocean_menu_typo_spacing_tablet":0,"ocean_menu_typo_spacing_mobile":0,"ocean_menu_typo_spacing_unit":"","ocean_menu_link_color":"","ocean_menu_link_color_hover":"","ocean_menu_link_color_active":"","ocean_menu_link_background":"","ocean_menu_link_hover_background":"","ocean_menu_link_active_background":"","ocean_menu_social_links_bg":"","ocean_menu_social_hover_links_bg":"","ocean_menu_social_links_color":"","ocean_menu_social_hover_links_color":"","ocean_disable_title":"default","ocean_disable_heading":"default","ocean_post_title":"","ocean_post_subheading":"","ocean_post_title_style":"","ocean_post_title_background_color":"","ocean_post_title_background":0,"ocean_post_title_bg_image_position":"","ocean_post_title_bg_image_attachment":"","ocean_post_title_bg_image_repeat":"","ocean_post_title_bg_image_size":"","ocean_post_title_height":0,"ocean_post_title_bg_overlay":0.5,"ocean_post_title_bg_overlay_color":"","ocean_disable_breadcrumbs":"default","ocean_breadcrumbs_color":"","ocean_breadcrumbs_separator_color":"","ocean_breadcrumbs_links_color":"","ocean_breadcrumbs_links_hover_color":"","ocean_display_footer_widgets":"default","ocean_display_footer_bottom":"default","ocean_custom_footer_template":"0"},"_links":{"self":[{"href":"https:\/\/cabinetjeannerat.com\/index.php?rest_route=\/wp\/v2\/pages\/233"}],"collection":[{"href":"https:\/\/cabinetjeannerat.com\/index.php?rest_route=\/wp\/v2\/pages"}],"about":[{"href":"https:\/\/cabinetjeannerat.com\/index.php?rest_route=\/wp\/v2\/types\/page"}],"author":[{"embeddable":true,"href":"https:\/\/cabinetjeannerat.com\/index.php?rest_route=\/wp\/v2\/users\/1"}],"replies":[{"embeddable":true,"href":"https:\/\/cabinetjeannerat.com\/index.php?rest_route=%2Fwp%2Fv2%2Fcomments&post=233"}],"version-history":[{"count":13,"href":"https:\/\/cabinetjeannerat.com\/index.php?rest_route=\/wp\/v2\/pages\/233\/revisions"}],"predecessor-version":[{"id":676,"href":"https:\/\/cabinetjeannerat.com\/index.php?rest_route=\/wp\/v2\/pages\/233\/revisions\/676"}],"wp:attachment":[{"href":"https:\/\/cabinetjeannerat.com\/index.php?rest_route=%2Fwp%2Fv2%2Fmedia&parent=233"}],"curies":[{"name":"wp","href":"https:\/\/api.w.org\/{rel}","templated":true}]}}