{"id":108,"date":"2020-12-01T11:14:30","date_gmt":"2020-12-01T10:14:30","guid":{"rendered":"https:\/\/cabinetjeannerat.com\/?page_id=108"},"modified":"2020-12-10T11:37:38","modified_gmt":"2020-12-10T10:37:38","slug":"sante-prevoyance","status":"publish","type":"page","link":"https:\/\/cabinetjeannerat.com\/?page_id=108","title":{"rendered":"SANT\u00c9 &#038; PREVOYANCE"},"content":{"rendered":"\t\t<div data-elementor-type=\"wp-page\" data-elementor-id=\"108\" class=\"elementor elementor-108\">\n\t\t\t\t\t\t<div class=\"elementor-inner\">\n\t\t\t\t<div class=\"elementor-section-wrap\">\n\t\t\t\t\t\t\t\t\t<section class=\"elementor-section elementor-top-section elementor-element elementor-element-aae97dc elementor-section-content-middle elementor-section-boxed elementor-section-height-default elementor-section-height-default\" data-id=\"aae97dc\" data-element_type=\"section\">\n\t\t\t\t\t\t<div class=\"elementor-container elementor-column-gap-no\">\n\t\t\t\t\t\t\t<div class=\"elementor-row\">\n\t\t\t\t\t<div class=\"elementor-column elementor-col-33 elementor-top-column elementor-element elementor-element-dc499cd\" data-id=\"dc499cd\" data-element_type=\"column\">\n\t\t\t<div class=\"elementor-column-wrap elementor-element-populated\">\n\t\t\t\t\t\t\t<div class=\"elementor-widget-wrap\">\n\t\t\t\t\t\t<div class=\"elementor-element elementor-element-cdd0c7b elementor-widget elementor-widget-text-editor\" data-id=\"cdd0c7b\" data-element_type=\"widget\" data-widget_type=\"text-editor.default\">\n\t\t\t\t<div class=\"elementor-widget-container\">\n\t\t\t\t\t\t\t\t<div class=\"elementor-text-editor elementor-clearfix\">\n\t\t\t\t<p>D\u00e9couvrez nos solutions<\/p>\t\t\t\t\t<\/div>\n\t\t\t\t\t\t<\/div>\n\t\t\t\t<\/div>\n\t\t\t\t<div class=\"elementor-element elementor-element-28a67a9 elementor-widget elementor-widget-heading\" data-id=\"28a67a9\" data-element_type=\"widget\" data-widget_type=\"heading.default\">\n\t\t\t\t<div class=\"elementor-widget-container\">\n\t\t\t<h3 class=\"elementor-heading-title elementor-size-default\">SANT\u00c9 & PR\u00c9VOYANCE<\/h3>\t\t<\/div>\n\t\t\t\t<\/div>\n\t\t\t\t<div class=\"elementor-element elementor-element-ec929ca elementor-widget-divider--view-line elementor-widget elementor-widget-divider\" data-id=\"ec929ca\" data-element_type=\"widget\" data-widget_type=\"divider.default\">\n\t\t\t\t<div class=\"elementor-widget-container\">\n\t\t\t\t\t<div class=\"elementor-divider\">\n\t\t\t<span class=\"elementor-divider-separator\">\n\t\t\t\t\t\t<\/span>\n\t\t<\/div>\n\t\t\t\t<\/div>\n\t\t\t\t<\/div>\n\t\t\t\t\t\t<\/div>\n\t\t\t\t\t<\/div>\n\t\t<\/div>\n\t\t\t\t<div class=\"elementor-column elementor-col-33 elementor-top-column elementor-element elementor-element-f411c86\" data-id=\"f411c86\" data-element_type=\"column\">\n\t\t\t<div class=\"elementor-column-wrap elementor-element-populated\">\n\t\t\t\t\t\t\t<div class=\"elementor-widget-wrap\">\n\t\t\t\t\t\t<div class=\"elementor-element elementor-element-3f6fbfb elementor-widget elementor-widget-image\" data-id=\"3f6fbfb\" data-element_type=\"widget\" data-widget_type=\"image.default\">\n\t\t\t\t<div class=\"elementor-widget-container\">\n\t\t\t\t\t\t\t\t<div class=\"elementor-image\">\n\t\t\t\t\t\t\t\t\t\t\t\t<img width=\"1920\" height=\"1280\" src=\"https:\/\/cabinetjeannerat.com\/wp-content\/uploads\/2020\/12\/stethoscope-840125_1920.jpg\" class=\"elementor-animation-grow attachment-full size-full wp-image-323\" alt=\"\" loading=\"lazy\" srcset=\"https:\/\/cabinetjeannerat.com\/wp-content\/uploads\/2020\/12\/stethoscope-840125_1920.jpg 1920w, https:\/\/cabinetjeannerat.com\/wp-content\/uploads\/2020\/12\/stethoscope-840125_1920-300x200.jpg 300w, https:\/\/cabinetjeannerat.com\/wp-content\/uploads\/2020\/12\/stethoscope-840125_1920-1024x683.jpg 1024w, https:\/\/cabinetjeannerat.com\/wp-content\/uploads\/2020\/12\/stethoscope-840125_1920-768x512.jpg 768w, https:\/\/cabinetjeannerat.com\/wp-content\/uploads\/2020\/12\/stethoscope-840125_1920-1536x1024.jpg 1536w\" sizes=\"(max-width: 1920px) 100vw, 1920px\" \/>\t\t\t\t\t\t\t\t\t\t\t\t\t\t<\/div>\n\t\t\t\t\t\t<\/div>\n\t\t\t\t<\/div>\n\t\t\t\t<div class=\"elementor-element elementor-element-2bc7167 elementor-widget elementor-widget-text-editor\" data-id=\"2bc7167\" data-element_type=\"widget\" data-widget_type=\"text-editor.default\">\n\t\t\t\t<div class=\"elementor-widget-container\">\n\t\t\t\t\t\t\t\t<div class=\"elementor-text-editor elementor-clearfix\">\n\t\t\t\t<h4 class=\"c-heading u-text-weight-light u-margin-bottom-0 c-link--capitalize u-text-hyphen-none \">ASSURANCE SANT\u00c9<\/h4><h4 class=\"c-heading u-text-weight-light u-margin-bottom-0 c-link--capitalize u-text-hyphen-none \">L&rsquo;Assurance cr\u00e9e sur mesure pour vous selon vos besoins.<\/h4><h2 class=\"c-heading u-text-weight-light u-margin-bottom-0 c-link--capitalize u-text-hyphen-none \"><em><span style=\"font-size: 16px;\">Qu\u2019est-ce que <\/span><span style=\"font-size: 16px;\">l\u2019assurance sant\u00e9 ?\u00a0<\/span><\/em><\/h2><div class=\"text\"><div class=\"c-copy u-text-hyphen-manual\"><p>Vous \u00eates salari\u00e9, ind\u00e9pendant, chef d&rsquo;entreprise, \u00e0 la retraite, vous avez des enfants \u00e0 votre charge.. La s\u00e9curit\u00e9 sociale ne couvre pas tous vos besoins. La compl\u00e9mentaire sant\u00e9 (ou assurance vie) vous aide \u00e0 couvrir toutes vos n\u00e9cessit\u00e9es: hospitalisation, examens et frais m\u00e9dicaux sp\u00e9cifiques, lunettes, m\u00e9decine douce, et beaucoup d&rsquo;autres couvertures sont \u00e0 votre disposition.<\/p><p>Votre sant\u00e9 est notre priorit\u00e9, pensez \u00e0 bien vous prot\u00e9ger.<\/p><\/div><\/div>\t\t\t\t\t<\/div>\n\t\t\t\t\t\t<\/div>\n\t\t\t\t<\/div>\n\t\t\t\t\t\t<\/div>\n\t\t\t\t\t<\/div>\n\t\t<\/div>\n\t\t\t\t<div class=\"elementor-column elementor-col-33 elementor-top-column elementor-element elementor-element-ce42a9a\" data-id=\"ce42a9a\" data-element_type=\"column\">\n\t\t\t<div class=\"elementor-column-wrap elementor-element-populated\">\n\t\t\t\t\t\t\t<div class=\"elementor-widget-wrap\">\n\t\t\t\t\t\t<div class=\"elementor-element elementor-element-1a8b359 elementor-widget elementor-widget-text-editor\" data-id=\"1a8b359\" data-element_type=\"widget\" data-widget_type=\"text-editor.default\">\n\t\t\t\t<div class=\"elementor-widget-container\">\n\t\t\t\t\t\t\t\t<div class=\"elementor-text-editor elementor-clearfix\">\n\t\t\t\t<h4 class=\"c-heading u-text-weight-light u-margin-bottom-0 c-link--capitalize u-text-hyphen-none \">ASSURANCE PR\u00c9VOYANCE<\/h4><div class=\"text\"><div class=\"c-copy u-text-hyphen-manual\"><div class=\"headline\"><h4 class=\"c-heading c-heading--section c-link--capitalize u-text-hyphen-none \"><em>Qu\u2019est-ce qu\u2019une assurance pr\u00e9voyance ?\u00a0<\/em><\/h4><\/div><div class=\"text\"><div class=\"c-copy u-text-hyphen-manual\"><p>Souscrire \u00e0 une assurance pr\u00e9voyance, c&rsquo;est anticiper certains risques de la vie. L\u2019assurance pr\u00e9voyance, destin\u00e9e aux actifs et non actifs, permet de compl\u00e9ter les indemnit\u00e9s vers\u00e9es par la S\u00e9curit\u00e9 sociale ou autre r\u00e9gime obligatoire:<\/p><ul class=\"c-list c-list--icon\"><li class=\"c-list__item \">en cas de d\u00e9c\u00e8s<\/li><li class=\"c-list__item \">en cas d\u2019arr\u00eat de travail<\/li><li class=\"c-list__item \">en cas d\u2019invalidit\u00e9<\/li><\/ul><\/div><\/div><\/div><\/div>\t\t\t\t\t<\/div>\n\t\t\t\t\t\t<\/div>\n\t\t\t\t<\/div>\n\t\t\t\t<div class=\"elementor-element elementor-element-49c164d elementor-widget elementor-widget-image\" data-id=\"49c164d\" data-element_type=\"widget\" data-widget_type=\"image.default\">\n\t\t\t\t<div class=\"elementor-widget-container\">\n\t\t\t\t\t\t\t\t<div class=\"elementor-image\">\n\t\t\t\t\t\t\t\t\t\t\t\t<img width=\"1920\" height=\"1280\" src=\"https:\/\/cabinetjeannerat.com\/wp-content\/uploads\/2020\/12\/glass-984457_1920.jpg\" class=\"elementor-animation-grow attachment-full size-full wp-image-397\" alt=\"\" loading=\"lazy\" srcset=\"https:\/\/cabinetjeannerat.com\/wp-content\/uploads\/2020\/12\/glass-984457_1920.jpg 1920w, https:\/\/cabinetjeannerat.com\/wp-content\/uploads\/2020\/12\/glass-984457_1920-300x200.jpg 300w, https:\/\/cabinetjeannerat.com\/wp-content\/uploads\/2020\/12\/glass-984457_1920-1024x683.jpg 1024w, https:\/\/cabinetjeannerat.com\/wp-content\/uploads\/2020\/12\/glass-984457_1920-768x512.jpg 768w, https:\/\/cabinetjeannerat.com\/wp-content\/uploads\/2020\/12\/glass-984457_1920-1536x1024.jpg 1536w\" sizes=\"(max-width: 1920px) 100vw, 1920px\" \/>\t\t\t\t\t\t\t\t\t\t\t\t\t\t<\/div>\n\t\t\t\t\t\t<\/div>\n\t\t\t\t<\/div>\n\t\t\t\t\t\t<\/div>\n\t\t\t\t\t<\/div>\n\t\t<\/div>\n\t\t\t\t\t\t\t\t<\/div>\n\t\t\t\t\t<\/div>\n\t\t<\/section>\n\t\t\t\t<section class=\"elementor-section elementor-top-section elementor-element elementor-element-de4e12d elementor-section-boxed elementor-section-height-default elementor-section-height-default\" data-id=\"de4e12d\" data-element_type=\"section\">\n\t\t\t\t\t\t<div class=\"elementor-container elementor-column-gap-default\">\n\t\t\t\t\t\t\t<div class=\"elementor-row\">\n\t\t\t\t\t<div class=\"elementor-column elementor-col-100 elementor-top-column elementor-element elementor-element-59247fa\" data-id=\"59247fa\" data-element_type=\"column\">\n\t\t\t<div class=\"elementor-column-wrap elementor-element-populated\">\n\t\t\t\t\t\t\t<div class=\"elementor-widget-wrap\">\n\t\t\t\t\t\t<div class=\"elementor-element elementor-element-5565d4c elementor-align-center elementor-widget elementor-widget-button\" data-id=\"5565d4c\" data-element_type=\"widget\" data-widget_type=\"button.default\">\n\t\t\t\t<div class=\"elementor-widget-container\">\n\t\t\t\t\t<div class=\"elementor-button-wrapper\">\n\t\t\t<a href=\"https:\/\/cabinetjeannerat.com\/?page_id=20\" class=\"elementor-button-link elementor-button elementor-size-sm elementor-animation-grow\" role=\"button\">\n\t\t\t\t\t\t<span class=\"elementor-button-content-wrapper\">\n\t\t\t\t\t\t\t<span class=\"elementor-button-icon elementor-align-icon-left\">\n\t\t\t\t<i aria-hidden=\"true\" class=\"fas fa-chevron-left\"><\/i>\t\t\t<\/span>\n\t\t\t\t\t\t<span class=\"elementor-button-text\">RETOUR<\/span>\n\t\t<\/span>\n\t\t\t\t\t<\/a>\n\t\t<\/div>\n\t\t\t\t<\/div>\n\t\t\t\t<\/div>\n\t\t\t\t\t\t<\/div>\n\t\t\t\t\t<\/div>\n\t\t<\/div>\n\t\t\t\t\t\t\t\t<\/div>\n\t\t\t\t\t<\/div>\n\t\t<\/section>\n\t\t\t\t\t\t\t\t\t<\/div>\n\t\t\t<\/div>\n\t\t\t\t\t<\/div>\n\t\t","protected":false},"excerpt":{"rendered":"<p>D\u00e9couvrez nos solutions SANT\u00c9 &#038; PR\u00c9VOYANCE ASSURANCE SANT\u00c9 L&rsquo;Assurance cr\u00e9e sur mesure pour vous selon vos besoins. Qu\u2019est-ce que l\u2019assurance sant\u00e9 ?\u00a0 Vous \u00eates salari\u00e9, ind\u00e9pendant, chef d&rsquo;entreprise, \u00e0 la retraite, vous avez des enfants \u00e0 votre charge.. La s\u00e9curit\u00e9 sociale ne couvre pas tous vos besoins. La compl\u00e9mentaire sant\u00e9 (ou assurance vie) vous aide [&hellip;]<\/p>\n","protected":false},"author":1,"featured_media":0,"parent":0,"menu_order":0,"comment_status":"closed","ping_status":"closed","template":"","meta":{"ocean_post_layout":"","ocean_both_sidebars_style":"","ocean_both_sidebars_content_width":0,"ocean_both_sidebars_sidebars_width":0,"ocean_sidebar":"0","ocean_second_sidebar":"0","ocean_disable_margins":"enable","ocean_add_body_class":"","ocean_shortcode_before_top_bar":"","ocean_shortcode_after_top_bar":"","ocean_shortcode_before_header":"","ocean_shortcode_after_header":"","ocean_has_shortcode":"","ocean_shortcode_after_title":"","ocean_shortcode_before_footer_widgets":"","ocean_shortcode_after_footer_widgets":"","ocean_shortcode_before_footer_bottom":"","ocean_shortcode_after_footer_bottom":"","ocean_display_top_bar":"default","ocean_display_header":"default","ocean_header_style":"","ocean_center_header_left_menu":"0","ocean_custom_header_template":"0","ocean_custom_logo":0,"ocean_custom_retina_logo":0,"ocean_custom_logo_max_width":0,"ocean_custom_logo_tablet_max_width":0,"ocean_custom_logo_mobile_max_width":0,"ocean_custom_logo_max_height":0,"ocean_custom_logo_tablet_max_height":0,"ocean_custom_logo_mobile_max_height":0,"ocean_header_custom_menu":"0","ocean_menu_typo_font_family":"0","ocean_menu_typo_font_subset":"","ocean_menu_typo_font_size":0,"ocean_menu_typo_font_size_tablet":0,"ocean_menu_typo_font_size_mobile":0,"ocean_menu_typo_font_size_unit":"px","ocean_menu_typo_font_weight":"","ocean_menu_typo_font_weight_tablet":"","ocean_menu_typo_font_weight_mobile":"","ocean_menu_typo_transform":"","ocean_menu_typo_transform_tablet":"","ocean_menu_typo_transform_mobile":"","ocean_menu_typo_line_height":0,"ocean_menu_typo_line_height_tablet":0,"ocean_menu_typo_line_height_mobile":0,"ocean_menu_typo_line_height_unit":"","ocean_menu_typo_spacing":0,"ocean_menu_typo_spacing_tablet":0,"ocean_menu_typo_spacing_mobile":0,"ocean_menu_typo_spacing_unit":"","ocean_menu_link_color":"","ocean_menu_link_color_hover":"","ocean_menu_link_color_active":"","ocean_menu_link_background":"","ocean_menu_link_hover_background":"","ocean_menu_link_active_background":"","ocean_menu_social_links_bg":"","ocean_menu_social_hover_links_bg":"","ocean_menu_social_links_color":"","ocean_menu_social_hover_links_color":"","ocean_disable_title":"default","ocean_disable_heading":"default","ocean_post_title":"","ocean_post_subheading":"","ocean_post_title_style":"","ocean_post_title_background_color":"","ocean_post_title_background":0,"ocean_post_title_bg_image_position":"","ocean_post_title_bg_image_attachment":"","ocean_post_title_bg_image_repeat":"","ocean_post_title_bg_image_size":"","ocean_post_title_height":0,"ocean_post_title_bg_overlay":0.5,"ocean_post_title_bg_overlay_color":"","ocean_disable_breadcrumbs":"default","ocean_breadcrumbs_color":"","ocean_breadcrumbs_separator_color":"","ocean_breadcrumbs_links_color":"","ocean_breadcrumbs_links_hover_color":"","ocean_display_footer_widgets":"default","ocean_display_footer_bottom":"default","ocean_custom_footer_template":"0"},"_links":{"self":[{"href":"https:\/\/cabinetjeannerat.com\/index.php?rest_route=\/wp\/v2\/pages\/108"}],"collection":[{"href":"https:\/\/cabinetjeannerat.com\/index.php?rest_route=\/wp\/v2\/pages"}],"about":[{"href":"https:\/\/cabinetjeannerat.com\/index.php?rest_route=\/wp\/v2\/types\/page"}],"author":[{"embeddable":true,"href":"https:\/\/cabinetjeannerat.com\/index.php?rest_route=\/wp\/v2\/users\/1"}],"replies":[{"embeddable":true,"href":"https:\/\/cabinetjeannerat.com\/index.php?rest_route=%2Fwp%2Fv2%2Fcomments&post=108"}],"version-history":[{"count":16,"href":"https:\/\/cabinetjeannerat.com\/index.php?rest_route=\/wp\/v2\/pages\/108\/revisions"}],"predecessor-version":[{"id":597,"href":"https:\/\/cabinetjeannerat.com\/index.php?rest_route=\/wp\/v2\/pages\/108\/revisions\/597"}],"wp:attachment":[{"href":"https:\/\/cabinetjeannerat.com\/index.php?rest_route=%2Fwp%2Fv2%2Fmedia&parent=108"}],"curies":[{"name":"wp","href":"https:\/\/api.w.org\/{rel}","templated":true}]}}